
{"id":1225,"date":"2019-07-12T18:37:54","date_gmt":"2019-07-12T18:37:54","guid":{"rendered":"https:\/\/www.healingforfamilies.com\/?page_id=1225"},"modified":"2021-08-05T00:46:44","modified_gmt":"2021-08-05T05:46:44","slug":"animators","status":"publish","type":"page","link":"https:\/\/www.healingforfamilies.com\/es\/animators\/","title":{"rendered":"Animadores"},"content":{"rendered":"<p style=\"text-align: justify;\">Que la gracia de Dios bendiga sus esfuerzos mientras el Esp\u00edritu Santo lo gu\u00eda para llevar el seminario de oraci\u00f3n de sanaci\u00f3n y liberaci\u00f3n familiar del P. Yozefu a su parroquia y comunidades.<\/p>\n<p style=\"text-align: justify;\">\u200b<\/p>\n<h3 style=\"text-align: justify;\">\u00bfQu\u00e9 pasos son necesarios para llevar el poderoso seminario del Padre Yozefu a su parroquia?<\/h3>\n<h3 style=\"text-align: justify;\">\u200b<\/h3>\n<p style=\"text-align: justify;\">Para aquellas personas y parroquias que deseen organizar un seminario de Sanaci\u00f3n de Familias dirigido por el Padre Ssemakula (P. Yozefu), el primer paso es consultar con su p\u00e1rroco y obtener su aprobaci\u00f3n. H\u00e1gale saber que el P. Yozefu no toma estipendios de las parroquias, sus seminarios son gratuitos. Haga que su p\u00e1rroco contacte al P. Ssemakula por correo electr\u00f3nico invit\u00e1ndolo a venir a la parroquia. Una vez hecho esto, se pueden completar los protocolos necesarios entre las dos di\u00f3cesis y se puede establecer una fecha para el seminario.<\/p>\n<p style=\"text-align: justify;\">\u200b<\/p>\n<h3 style=\"text-align: justify;\">\u00bfQu\u00e9 pasos se deben tomar para promover y dar a conocer el seminario?<\/h3>\n<h3 style=\"text-align: justify;\">\u200b<\/h3>\n<p style=\"text-align: justify;\">In order to facilitate a successful seminar it is important to \u201cget the word out\u201d to as many individuals, families, and parishes as possible. Parish animators need to begin by talking, inviting, emailing, and making phone calls to alert parish members and the surrounding communities about this powerful, grace-filled seminar and the unique opportunity it presents for individual and familial healing and deliverance. Animators might want to consider enlisting the help of parish prayer groups to pray for the success of their seminar. Of most importance in initially promoting the seminar are weekly church announcements and bulletin inserts which highlight and stimulate interest in the seminar. Try to customize these to the &#8220;make-up&#8221; of your parish and community and be as &#8220;all inclusive&#8221; of everyone as possible. This is not just &#8220;family&#8221; healing, but a ministry which embraces individuals in every stage of life. Fr. Joseph sends you a page that will help you. It introduces the upcoming seminar to people who have never heard of \u201cThe Healing of Families\u201d seminar. This page can also be printed as a separate sheet, along with a copy of the seminar schedule for people to take home. Changing the content of your notice in the parish bulletin every week will stimulate interest and build excitement in this wonderful opportunity for healing.<\/p>\n<p style=\"text-align: justify;\"><span style=\"font-size: 22px; color: rgb(125, 27, 47);\">\u200b<\/span><\/p>\n<h3 style=\"text-align: justify;\"><span style=\"font-size: 22px; color: rgb(125, 27, 47);\">\u00bfQu\u00e9 otros pasos se pueden tomar para promover el seminario?<\/span><\/h3>\n<h3 style=\"text-align: justify;\">\u200b<\/h3>\n<p style=\"text-align: justify;\">Si tiene la capacidad, establecer un sitio web que permita a las personas registrarse en l\u00ednea y obtener informaci\u00f3n sobre horarios, alojamiento y otra informaci\u00f3n pertinente espec\u00edfica para su seminario es muy efectivo. El sitio web puede responder muchas preguntas generales para aquellos que buscan m\u00e1s informaci\u00f3n y es un medio conveniente para actualizar a sus registrantes seg\u00fan sea necesario.<\/p>\n<p style=\"text-align: justify;\">More typically, many of the following methods are often utilized in publicizing the seminar. To begin advertising you can create a seminar poster with tear offs at the bottom listing your contact information and web address (if available) and deliver it to all local area churches. You may also want to post these at parishes in your surrounding communities. When delivering the posters, make a particular point of speaking to the office staff, and use the opportunity to give them a brief overview of Fr. Joseph&#8217;s ministry while inviting them to visit his website. Also, ask if you might forward a notice about your upcoming seminar to them to publish in their Sunday bulletin and in their online website bulletin. Almost without exception, most will normally agree to do this.<\/p>\n<p style=\"text-align: justify;\">Ejemplo de un aviso de bolet\u00edn:<\/p>\n<p style=\"text-align: justify;\"><strong>LA SANACI\u00d3N DE FAMILIAS<\/strong><\/p>\n<p style=\"text-align: justify;\">Fr. Yozefu- B. Ssemakula (Fr. Joseph) renowned author of the critically acclaimed book, &#8220;The Healing of Families&#8221; is coming to (church) on (date) to personally conduct a family healing prayer seminar. You won\u2019t want to miss this life-changing opportunity as Fr.Joseph will be presenting a simple, effective, and powerful prayer method for freeing you and your family from things you have prayed about for a long time, without results, including health issues. Individuals, couples, and families will all benefit in this grace filled seminar as you learn to distinguish between the true Cross of Christ that we have to carry for our salvation, and the false Cross, which is a simple captivity and oppression of God\u2019s children. The seminar will equip you with how to pray effectively to end recurrent problems in your personal and family life in a step-by-step prayer approach for deliverance. For more detailed information including registration, preparation, and the seminar schedule please visit www._____, or contact name and phone number. May the Holy Spirit lead you to join us for this powerful deliverance and family healing prayer seminar.<\/p>\n<p style=\"text-align: justify;\">Las entrevistas con las estaciones de radio religiosas locales son una buena forma de anunciar el seminario, y las publicaciones y peri\u00f3dicos locales y cat\u00f3licos diocesanos a menudo enumeran el seminario en su pr\u00f3xima secci\u00f3n de eventos. La publicaci\u00f3n de folletos del seminario en tiendas de regalos religiosos, librer\u00edas y caf\u00e9s tambi\u00e9n suele ser efectiva para generar inter\u00e9s.<\/p>\n<p style=\"text-align: justify;\">Instalar una mesa de exhibici\u00f3n recordar\u00e1 visualmente a los feligreses que se registren para el seminario y les proporcionen informaci\u00f3n adicional. Dos semanas antes del seminario considere que un orador se dirija a la parroquia despu\u00e9s de cada misa de fin de semana, explicando brevemente el ministerio del P. Yozefu e invitar a todos los feligreses y sus familias a registrarse y asistir a este seminario que cambiar\u00e1 sus vidas. Para entonces, muchos habr\u00e1n le\u00eddo los anuncios semanales del bolet\u00edn parroquial y estar\u00e1n familiarizados con el tema. Su p\u00e1rroco puede ayudar con este tipo de actividades para motivar a la comunidad asistir.<\/p>\n<p style=\"text-align: justify;\">\u200b<\/p>\n<h3 style=\"text-align: justify;\">\u00bfCu\u00e1l es la mejor manera de fomentar la participaci\u00f3n a el seminario?<\/h3>\n<h3 style=\"text-align: justify;\">\u200b<\/h3>\n<p style=\"text-align: justify;\">Fr. Joseph\u2019s family healing seminar is based on the teaching, scripture, and prayers of his critically acclaimed book, \u201cThe Healing of Families\u201d. To properly prepare for the seminar and to receive maximum benefits Father Joseph strongly recommends and encourages all participants to read and study his book before attending the seminar. Buying them online is too slow and expensive, so Father Joseph will send, you the animators, cases of books, so you can sell them to your seminar participants. Just let Father know the size of your parish, and expected number of attendees. Once his powerful and inspired book gets into people&#8217;s hands word soon spreads about the need and efficacy of family healing and registrations begin to come in quickly. In the weeks leading up to the seminar, try to have Fr. Joseph\u2019s book readily available for purchase at your seminar display table after each weekend Mass. Church office staff may also agree to have copies of the book available for purchase during parish office hours.<\/p>\n<p style=\"text-align: center;\">PREGUNTAS FRECUENTES DE ORGANIZADORES<\/p>\n<h4>Briefly, what happens at a &#8220;Healing Of Families&#8221; seminar?<\/h4>\n<p style=\"text-align: justify;\">El seminario instruir\u00e1 a los participantes con c\u00f3mo orar eficazmente para poner fin a los problemas recurrentes en su vida personal y familiar. Durante el seminario el P. Yozefu lo gu\u00eda en la preparaci\u00f3n de su propia oraci\u00f3n personal relevante para usted y sus familias, y finaliza el seminario con un proceso de oraci\u00f3n de sanaci\u00f3n.<\/p>\n<h4>\u00bfCu\u00e1l es el costo de asistir a un seminario de Sanaci\u00f3n de Familias?<\/h4>\n<p style=\"text-align: justify;\">El Padre Ssemakula ofrece su poderoso seminario gratuito en un esfuerzo por ayudar a las personas y familias en el combate espiritual contra el mal, y a ayudarlo a sanar y proteger a su familia de los ciertos efectos del pecado. No hay tarifas de registro o participaci\u00f3n requeridas por el ministerio. Los participantes pueden optar por dar una donaci\u00f3n para el sustento de su ministerio a su propia discreci\u00f3n. Como suele ser el caso, los coordinadores pueden considerar el proporcionar sobres o una caja para que los asistentes al seminario utilicen para este prop\u00f3sito.<\/p>\n<h4>\u00bfQu\u00e9 tanto tiempo conlleva un seminario de MSF?<\/h4>\n<p style=\"text-align: justify;\">Fr. Joseph will normally conduct a 3-day \u201cHealing of Families Seminar&#8221;, typically over a weekend beginning on Friday morning and ending on Sunday night. But this is a lifetime experience, you don&#8217;t have to go through it again, because it will change your entire life.<\/p>\n<h4>\u00bfHabr\u00e1 art\u00edculos disponibles para comprar en el seminario?<\/h4>\n<p style=\"text-align: justify;\">El P. Yozefu tendr\u00e1 disponibles copias adicionales de su libro \"La Sanaci\u00f3n de Familias\", as\u00ed como la gu\u00eda \"La R\u00e1pida\", un peque\u00f1o folleto de Guerra Espiritual y un CD de Sanaci\u00f3n de Familias. Estos art\u00edculos a menudo son muy solicitados en el seminario y es \u00fatil tener una mesa peque\u00f1a con alguien que facilite y supervise la venta de estos art\u00edculos.<\/p>\n<h4>\u00bfTienen los coordinadores que ofrecer algo m\u00e1s a los participantes del seminario?<\/h4>\n<p style=\"text-align: justify;\">Algunos organizadores de seminarios eligen tener comidas o refrigerios disponibles por una tarifa o una oferta de \"buena voluntad\" para los asistentes. Sin embargo, la mayor\u00eda de las veces, las comidas son \"por su cuenta\" y se recomienda a los participantes que traigan comidas y\/o bocadillos, o que salgan de las instalaciones a restaurantes locales cercanos y establecimientos de comida r\u00e1pida.<\/p>\n<h4>\u00bfQu\u00e9 alojamiento y arreglos de viaje son necesarios para el P. Yozefu?<\/h4>\n<p style=\"text-align: justify;\">El Padre Yozefu es a menudo bienvenido como cl\u00e9rigo visitante en las rector\u00edas parroquiales que le ofrecen alojamiento. Los coordinadores pueden hacer sus arreglos de vuelo en consulta con \u00e9l.<\/p>\n<h4>\u00bfVolver\u00e1 el padre Ssemakula a un lugar para seminarios y seguimiento adicionales?<\/h4>\n<p style=\"text-align: justify;\">Debido a las limitaciones de tiempo y su programaci\u00f3n, el Padre no puede regresar a una misma sede para seminarios adicionales. Recibe tantas invitaciones a diferentes partes del mundo, que le es imposible regresar por segunda vez. Por lo tanto, \u00e9l siempre pide a los participantes que preparen y aprovechen bien su oportunidad.<\/p>\n<h4>\u00bfQu\u00e9 suministros y\/o equipos requiere el P. Yozefu?<\/h4>\n<p style=\"text-align: justify;\">Requiere un buen sistema de sonido y una pantalla grande o una pared blanca simple para sus proyecciones; marcadores: rojos, verdes, azules, morados y negros, y una botella de agua potable. \u00c9l lleva el resto del equipo.<\/p>\n<h4>Puede bendecir sacramentos, aceite, agua, sal etc el P. Yozefu durante el seminario?<\/h4>\n<p>S\u00ed, donde el ordinario local (El Obispo) lo permita.<\/p>\n<h4>\u00bfHay alguna m\u00fasica espec\u00edfica, himnos u oraciones que el P. Yozefu le gustar\u00eda tener durante, antes o despu\u00e9s de los descansos?<\/h4>\n<p>No hay necesidad.<\/p>\n<h4>\u00bfDurante el per\u00edodo de preguntas y respuestas del seminario, deben los participantes escribir sus preguntas antes para el P. Yozefu?<\/h4>\n<p style=\"text-align: justify;\">P. Yozefu normalmente puede responder a todas las preguntas de los participantes, ya sea en sesiones o fuera de ellas. No hay necesidad de escribir preguntas.<\/p>\n<h4>\u00bfPueden los participantes hacer una cita privada con el P. Yozefu?<\/h4>\n<p style=\"text-align: justify;\">No, Fr. Joseph does not do private sessions. After going through the comprehensive healing and deliverance prayers there is no need of them! In the seminar, all entries that the enemy uses to tap into us, are effectively dealt with and closed. Participants go home, and life begins to grow afresh! That&#8217;s what happens all the time.<\/p>\n<h4>\u00bfOfrece el P. Yozefu opciones de capacitaci\u00f3n adicionales o avanzadas para aquellos que est\u00e9n interesados a ser formadores del seminario de La Sanaci\u00f3n de Familias?<\/h4>\n<p style=\"text-align: justify;\">S\u00ed. El padre ahora tiene la Escuela de Sanaci\u00f3n de Familias, Nivel I y Nivel II. Proporciona capacitaci\u00f3n especializada adicional para aquellos que deseen ser formadoes del Seminario de SDF para grandes grupos de personas. B\u00e1sicamente, sit\u00faa las ense\u00f1anzas del Seminario SDF en el contexto m\u00e1s amplio de la doctrina de la Iglesia, para que el participante pueda responder cualquier pregunta sobre las ense\u00f1anzas del Seminario SDF. Los dos requisitos previos para asistir a la Escuela SDF son: 1) Tener un esp\u00edritu apost\u00f3lico \/ pastoral; y 2) Haber pasado por todo el Seminario de SDF de 3 d\u00edas; o alternativamente, habiendo completado toda la serie de videos del Seminario en l\u00ednea de SDF. Cada nivel dura 5 d\u00edas. Al final del Nivel II, hay un certificado disponible para quienes est\u00e9n dispuestos a realizar el examen y lo aprueben.<\/p>\n<p style=\"text-align: center;\"><strong><\/strong><\/p>\n<p style=\"text-align: center;\"><strong>Esperamos que su planificaci\u00f3n salga bien y que la gracia y la sabidur\u00eda del Esp\u00edritu Santo desciendan sobre usted al esforzarse por llevar este seminario poderoso a su parroquia.<\/strong><\/p>","protected":false},"excerpt":{"rendered":"<p>May God\u2019s grace bless your efforts as the Holy Spirit guides you in bringing Fr. Joseph\u2019s grace filled family healing and deliverance prayer seminar to&hellip;<\/p>","protected":false},"author":2,"featured_media":0,"parent":0,"menu_order":0,"comment_status":"closed","ping_status":"closed","template":"","meta":{"_monsterinsights_skip_tracking":false,"_monsterinsights_sitenote_active":false,"_monsterinsights_sitenote_note":"","_monsterinsights_sitenote_category":0,"footnotes":""},"class_list":["post-1225","page","type-page","status-publish","hentry"],"_links":{"self":[{"href":"https:\/\/www.healingforfamilies.com\/es\/wp-json\/wp\/v2\/pages\/1225","targetHints":{"allow":["GET"]}}],"collection":[{"href":"https:\/\/www.healingforfamilies.com\/es\/wp-json\/wp\/v2\/pages"}],"about":[{"href":"https:\/\/www.healingforfamilies.com\/es\/wp-json\/wp\/v2\/types\/page"}],"author":[{"embeddable":true,"href":"https:\/\/www.healingforfamilies.com\/es\/wp-json\/wp\/v2\/users\/2"}],"replies":[{"embeddable":true,"href":"https:\/\/www.healingforfamilies.com\/es\/wp-json\/wp\/v2\/comments?post=1225"}],"version-history":[{"count":5,"href":"https:\/\/www.healingforfamilies.com\/es\/wp-json\/wp\/v2\/pages\/1225\/revisions"}],"predecessor-version":[{"id":8280,"href":"https:\/\/www.healingforfamilies.com\/es\/wp-json\/wp\/v2\/pages\/1225\/revisions\/8280"}],"wp:attachment":[{"href":"https:\/\/www.healingforfamilies.com\/es\/wp-json\/wp\/v2\/media?parent=1225"}],"curies":[{"name":"wp","href":"https:\/\/api.w.org\/{rel}","templated":true}]}}