
{"id":192,"date":"2019-06-23T13:15:32","date_gmt":"2019-06-23T13:15:32","guid":{"rendered":"https:\/\/www.healingforfamilies.com\/?page_id=192"},"modified":"2021-08-05T00:48:19","modified_gmt":"2021-08-05T05:48:19","slug":"testimonies","status":"publish","type":"page","link":"https:\/\/www.healingforfamilies.com\/es\/testimonies\/","title":{"rendered":"Testimonios"},"content":{"rendered":"<p style=\"text-align: center;\"><strong><span style=\"font-size: 28px; color: rgb(114, 11, 9);\">The Healing of Families book by Fr. Yozefu Ssemakula has many fruits and miracles. Seal your healing with a testimony and witness.<\/span><\/strong><span style=\"font-size: 20px;\">Te invitamos a compartir tu testimonio despu\u00e9s de haber le\u00eddo el libro o atendido nuestro seminario de Sanaci\u00f3n de Familias por el P. Yozefu Ssemakula.<\/span><\/p>\n<p data-no-translation><a href=\"\/?pdfemb-serveurl=https%3A%2F%2Fwww.healingforfamilies.com%2Fwp-content%2Fuploads%2Fsecurepdfs%2F2020%2F06%2FTestimonios.pdf\" class=\"pdfemb-viewer\" style=\"height: 700px; \" data-width=\"max\" data-height=\"700\" data-mobile-width=\"500\"  data-scrollbar=\"both\" data-download=\"off\" data-tracking=\"on\" data-newwindow=\"on\" data-pagetextbox=\"off\" data-scrolltotop=\"off\" data-startzoom=\"100\" data-startfpzoom=\"100\" data-download-nonce=\"6f90161bdb\" data-disablerightclick=\"on\" data-toolbar=\"both\" data-toolbar-fixed=\"on\">Testimonios<br\/><\/a><\/p>","protected":false},"excerpt":{"rendered":"<p>The Healing of Families book by Fr. Yozefu Ssemakula has many fruits and miracles. Seal your healing with a testimony and witness.We invite you to&hellip;<\/p>","protected":false},"author":1,"featured_media":0,"parent":0,"menu_order":0,"comment_status":"closed","ping_status":"closed","template":"","meta":{"_monsterinsights_skip_tracking":false,"_monsterinsights_sitenote_active":false,"_monsterinsights_sitenote_note":"","_monsterinsights_sitenote_category":0,"footnotes":""},"class_list":["post-192","page","type-page","status-publish","hentry"],"_links":{"self":[{"href":"https:\/\/www.healingforfamilies.com\/es\/wp-json\/wp\/v2\/pages\/192","targetHints":{"allow":["GET"]}}],"collection":[{"href":"https:\/\/www.healingforfamilies.com\/es\/wp-json\/wp\/v2\/pages"}],"about":[{"href":"https:\/\/www.healingforfamilies.com\/es\/wp-json\/wp\/v2\/types\/page"}],"author":[{"embeddable":true,"href":"https:\/\/www.healingforfamilies.com\/es\/wp-json\/wp\/v2\/users\/1"}],"replies":[{"embeddable":true,"href":"https:\/\/www.healingforfamilies.com\/es\/wp-json\/wp\/v2\/comments?post=192"}],"version-history":[{"count":5,"href":"https:\/\/www.healingforfamilies.com\/es\/wp-json\/wp\/v2\/pages\/192\/revisions"}],"predecessor-version":[{"id":8281,"href":"https:\/\/www.healingforfamilies.com\/es\/wp-json\/wp\/v2\/pages\/192\/revisions\/8281"}],"wp:attachment":[{"href":"https:\/\/www.healingforfamilies.com\/es\/wp-json\/wp\/v2\/media?parent=192"}],"curies":[{"name":"wp","href":"https:\/\/api.w.org\/{rel}","templated":true}]}}