
{"id":64,"date":"2019-06-22T06:45:48","date_gmt":"2019-06-22T06:45:48","guid":{"rendered":"https:\/\/www.healingforfamilies.com\/?page_id=64"},"modified":"2021-08-05T00:46:09","modified_gmt":"2021-08-05T05:46:09","slug":"ministry","status":"publish","type":"page","link":"https:\/\/www.healingforfamilies.com\/es\/ministry\/","title":{"rendered":"Ministerio"},"content":{"rendered":"<h3 style=\"text-align: justify;\">Oraci\u00f3n para sanar a tu familia y a ti<\/h3>\n<h3 style=\"text-align: justify;\">by Fr. Yozefu &#8211; Balikuddembe Ssemakula<\/h3>\n<h3 style=\"text-align: justify;\"><\/h3>\n<h3 style=\"text-align: justify;\">Resumen:<\/h3>\n<p style=\"text-align: justify;\"><span style=\"font-size: 18px;\">Hablando estrictamente, el destino y la suerte pueden ser inexistentes. S\u00f3lo podemos tener una oportunidad en la vida y, por lo tanto, \u00e9sta se trata con mucha seriedad ante Dios. Esto significa que nuestras vidas son demasiado importantes como para dejarlas al \"destino\", \"suerte\" y\/o \"coincidencias\" de Dios. La mayor\u00eda de las cosas que nos suceden a nosotros y a nuestras familias tienen un porque. M\u00e1s sin embargo nunca pensamos a profundidad y simplemente imaginamos que no hay ning\u00fan motivo, s\u00f3lo suerte o destino. Las \"cosas malas que le suceden a las personas buenas\" han existido durante bastante tiempo, pero nunca resolvieron la pregunta del \"destino\". Pero suponer que la \"suerte\" era en realidad \"bendici\u00f3n\" y que \"destino\" era \"no bendecir\", estas dos palabras aparentemente misteriosas finalmente habr\u00e1n perdido su misterio cuando terminen de leer este art\u00edculo.<\/span><\/p>\n<p style=\"text-align: justify;\"><span style=\"font-size: 18px;\">En este art\u00edculo vamos a explorar todo un sistema de bendiciones y no bendiciones, las cuales est\u00e1n interconectadas en nuestras vidas. Y la buena noticia es que podemos influir en este sistema dependiendo de cu\u00e1les preferimos tener en mayor abundancia, bendiciones o no bendiciones.<\/span><\/p>\n<h3 style=\"text-align: justify;\"><\/h3>\n<h3 style=\"text-align: justify;\">Art\u00edculo:<\/h3>\n<p style=\"text-align: justify;\"><span style=\"font-size: 18px;\">Tu familia est\u00e1 acosada por los problemas. Es decir, es una familia normal. Y como eres un creyente en Dios, ciertamente has orado a Dios por muchos de estos problemas. Y tal vez hayas tenido la dicha de que algunas hayan sido escuchadas en su totalidad, algunas otras a medias, \u00a1pero existen esos problemas que no parecen ir a ninguna parte! \u00a1Simplemente giran en c\u00edrculos a tu alrededor y siguen siendo presentados nuevamente para su consumo! Tu imagen de Dios se ve gravemente afectada, porque no entiendes, por tal motivo parece que \u00c9l no te escucha en estos temas en particular. Tu voz se siente como un grito en el desierto. Si lo tuyo es este tipo de situaci\u00f3n, \u00a1esta es la oraci\u00f3n para ti!<\/span><\/p>\n<p style=\"text-align: justify;\"><span style=\"font-size: 18px;\">From our families we have inherited blessings. Ps 103: 17-18 says: \u201cBut the Lord&#8217;s kindness is forever, toward the faithful from age to age. He favors the children&#8217;s children of those who keep his covenant, who take care to fulfill its precepts.\u201d For these family blessings therefore we must always thank the Lord!<\/span><\/p>\n<p style=\"text-align: justify;\"><span style=\"font-size: 18px;\">However in the same vein, we have also inherited &#8216;non-blessings&#8217;! Jesus once talking to the Jews will say: Mt.23:34-36; (Lk.11:49-51): \u201cTherefore, behold, I send to you prophets and wise men and scribes; some of them you will kill and crucify, some of them you will scourge in your synagogues and pursue from town to town, so that there may come upon you all the righteous blood shed upon earth, from the righteous blood of Abel to the blood of Zechariah, the son of Barachiah, whom you murdered between the sanctuary and the altar. Amen, I say to you, all these things will come upon this generation\u201d. The reason Jesus says these things is not because He is in a rage and He wants to punish these Pharisees, no! He is spelling out the trouble that will come to them, not from Him or His Father, but simply from the nature of how things work! Notice too, that the prophet Zechariah that Jesus refers to had been murdered five centuries before Jesus, so surely not by these Jews in front of Jesus right now, but He says \u201c \u2026whom YOU murdered \u2026\u201d. For the Lord there is clearly no difference between those Jews back then and these Jews, because these are the descendant of those. These are those, and those are these. And just like in the first quote above we do understand that we can inherit blessings, from this second one we understand that we can inherit non-blessings. It is all just inheritance we didn\u2019t do anything to get either.<\/span><\/p>\n<p style=\"text-align: justify;\"><span style=\"font-size: 18px;\">Entonces nos damos cuenta de que hay un sistema en alguna parte aqu\u00ed. Un sistema que no hicimos pero que ya encontramos hecho. \u00bfPor qui\u00e9n? Por el Padre \u00bfPor qu\u00e9 hizo Dios el sistema de herencia? Cuando Dios nos cre\u00f3 por primera vez, el pecado no era parte del plan. As\u00ed que \u00c9l nos dise\u00f1\u00f3 de tal manera que todas las cosas buenas que \u00c9l hab\u00eda dado a nuestros primeros padres se heredar\u00edan naturalmente a sus hijos y as\u00ed sucesivamente hasta el fin del mundo, s\u00f3lo por el hecho de haber nacido de ellos. Un sistema autom\u00e1tico de transmisi\u00f3n.<\/span><\/p>\n<p style=\"text-align: justify;\"><span style=\"font-size: 18px;\">Sin embargo, entr\u00f3 satan\u00e1s, y al introducir el pecado en este sistema de transmisi\u00f3n ya hecho para el bien de nuestra vida, \u00a1el pecado y sus efectos comenzaron a ser parte de lo que se transmite por el mismo sistema! Y as\u00ed es como llegamos a donde estamos hoy, heredando bendiciones por un lado, y no bendiciones por el otro. Lo que originalmente fue dise\u00f1ado como un regalo para nosotros se convirti\u00f3 en un canal de problemas no deseados en l\u00edneas generacionales.<\/span><\/p>\n<p style=\"text-align: justify;\"><span style=\"font-size: 18px;\">Pero Dios no cambi\u00f3 el sistema incluso despu\u00e9s de que satan\u00e1s se hab\u00eda infiltrado, lo dej\u00f3 como lo hab\u00eda hecho porque a\u00fan era lo mejor que ten\u00eda para bendecirnos. Pero tuvo que traerle una actualizaci\u00f3n: 1) para darnos conocimiento de lo que hab\u00eda comenzado desde que satan\u00e1s entr\u00f3; y 2) por darnos un Salvador. De esta manera, el sistema a\u00fan se usar\u00eda para bendecir a muchas personas, una vez que se les ense\u00f1e a usarlo como se pretend\u00eda originalmente, (el conocimiento), y al mismo tiempo se le aplica el poder redentor de su hijo Jes\u00fas el Salvador (Su Muerte y Resurrecci\u00f3n). El problema es que no sab\u00edas muy bien de estas cosas en particular, incluso teniendo conocimiento del Salvador.<\/span><\/p>\n<p style=\"text-align: justify;\"><span style=\"font-size: 18px;\">El problema de que los humanos no tienen suficiente conocimiento de las cosas de Dios siempre ha existido. Los seres humanos siempre vivieron una vida en la que parec\u00eda haber tantas otras cosas que no pod\u00edan distinguir f\u00e1cilmente lo que era importante de lo que no lo era, y por lo tanto, a veces se perd\u00edan cosas muy importantes. Este no es un problema s\u00f3lo de nuestros tiempos tecnol\u00f3gicos. Ya era tan desenfrenado en los tiempos del Antiguo Testamento que Dios mismo se lamenta en Oseas 4: 6: \u201c\u00a1Mi gente perece por falta de conocimiento!\u201d \u00bfY nos preguntamos cu\u00e1nto sucedi\u00f3 realmente en esos desiertos de pobreza sin computadoras en aquel entonces? \u00a1Bueno, los humanos siempre han estado ocupados!. Entonces entendemos que la falta de conocimiento de las cosas de Dios, conocimiento que muchas veces en nuestro mundo considera el \"conocimiento de ocio\", es decir, el conocimiento con el que puedes vivir, puede ser un conocimiento tan cr\u00edtico como el de perecer o de supervivencia \u00a1Hoy es tu oportunidad de tener ese conocimiento!<\/span><\/p>\n<p style=\"text-align: justify;\"><span style=\"font-size: 18px;\">And so when it comes to our families, what exactly are we talking about? When it comes down to our particular families, we are talking about those negative things which you have persistently seen present in your family history from generation to generation, sometimes skipping a generation, but simply not going away! Eminent examples are in the domain of health, where the doctor asks you whether a certain disease is known to have occurred in your immediate or extended family, normally known to raise your own risk of having it as well. We are so much used to hearing this that we don\u2019t think any further. But why should we have been created with disease? Does God make us with disease? No way! Whatever God made was good and very good! &#8211; Genesis tells us. And so, disease? Two things are very clear at this point: 1\/ hereditary disease is not from God, and 2\/ something went wrong. Those two points can be summarized in one word: satan.<\/span><\/p>\n<p style=\"text-align: justify;\"><span style=\"font-size: 18px;\">Satan\u00e1s es el autor y luego el copropietario (con nosotros) de toda negatividad donde sea que se encuentre en la faz de la tierra, grande o peque\u00f1a, directa o indirectamente. Espero que el lector lo tenga claro. No hay negatividad neutral. Si es negativo, entonces su incitador s\u00f3lo puede ser uno: satan\u00e1s. En nuestro mundo de hoy le damos todo tipo de eufemismos, a partir de nombres de libros acu\u00f1ados por expertos en investigaci\u00f3n en ciencias humanas, pero debemos saber exactamente de qui\u00e9n estamos hablando. Una enfermedad humana con una etiqueta de nombre especializada no significa que no pueda ser el trabajo de satan\u00e1s. Y si \u00e9l no es directamente la causa, es indirectamente la causa porque todo el mal, el pecado y la muerte vinieron de \u00e9l. La \u00fanica raz\u00f3n por la que lo exculpar\u00edas es cuando esa cosa no es negativa, entonces \u00e9l no tiene nada que ver con eso. El Se\u00f1or lo llama \"el padre de las mentiras\" (Jn 8:44), y nuevamente, siendo \u00e9l el ladr\u00f3n, el Se\u00f1or tambi\u00e9n nos dice que s\u00f3lo sabe hacer tres cosas: \"robar, matar y destruir\" (Jn10: 10). Esto significa que dondequiera que encuentre la m\u00e1s m\u00ednima idea de cualquiera de esas tres cosas, sea muy claro en cuanto a qui\u00e9n est\u00e1 alrededor.<\/span><\/p>\n<p style=\"text-align: justify;\"><span style=\"font-size: 18px;\">Esto no es para asustarnos. Nos corresponde a nosotros saber exactamente qu\u00e9 est\u00e1 sucediendo, y sobre qui\u00e9n es, de modo que podamos saber exactamente cu\u00e1ndo y c\u00f3mo aplicar el poder del Salvador que se nos da con ese prop\u00f3sito, para luchar contra nuestro enemigo. No saber esto es lo que lleva al pueblo de Dios a perecer (Os 4: 6), porque si casi nunca reconocemos a satan\u00e1s, entonces no podemos luchar contra \u00e9l. \u00a1El maligno gana batallas, sin sudar!<\/span><\/p>\n<p style=\"text-align: justify;\"><span style=\"font-size: 18px;\">Y as\u00ed cuando miramos a nuestras familias y vemos todas estas cosas que roban nuestra fuerza, nuestra energ\u00eda y poder, nuestras personalidades, nuestro talento, nuestros recursos; que matan nuestro optimismo, nuestras sonrisas en la vida, incluso nuestra propia gente, o cuando vemos toda clase de destrucci\u00f3n en nuestras familias, no debemos tener la menor duda sobre con qui\u00e9n estamos tratando, o m\u00e1s bien con qui\u00e9n est\u00e1s tratando, \u00bfcon nosotros?. Enfermedad constante, paciencia exagerada requerida en sus relaciones familiares, adicciones, problemas de personalidad, divorcios, homosexualidad, suicidio, accidentes, sus hijos que nunca parecen llegar a ning\u00fan lado, desgracias aparentes, puertas que se cierran constantemente con usted y su familia, etc. Y, especialmente, cuando ves patrones de estas cosas sucediendo una y otra vez en tu familia, ah\u00ed lo tienes. Estas cosas tienen una causa personal, en el sentido de una persona, el maligno. Y estas cosas, por extra\u00f1o que parezca, pueden ocurrir sin cesar incluso si siempre has orado a Dios por ellas. \u00bfQue esta pasando? \u00bfC\u00f3mo consigue satan\u00e1s todo este poder para causar estragos en mi vida como si Dios no estuviera all\u00ed, y como si yo no estuviera orando en absoluto? \u00bfEs Dios Todopoderoso realmente? \u00bfY ese Todopoderoso realmente me ama? Entonces \u00a1ey!, \u00bfd\u00f3nde est\u00e1 \u00c9l? Est\u00e1 en la siesta?<\/span><\/p>\n<p style=\"text-align: justify;\"><span style=\"font-size: 18px;\">Saber esto hoy, que si satan\u00e1s puede causar todo este caos es porque se le ha dado el poder. \u00bfPor quien?: por Dios \u00a1No! \u00a1Por mi! satan\u00e1s ha usado mi libertad, el \u00fanico lugar donde Dios no pone sus pies, para convencerme de que se la entregue, \u00a1y lo hice!. Y mientras Dios se retiene por respeto porque no lo llamamos, satan\u00e1s puede estar justo en la puerta de mi vida y la de mi familia, y \u00e9l puede mirar hacia atr\u00e1s a Dios y decirle: Mira, Majestad no invitada, me llamaron. \u00a1no t\u00fa! \u00bfY sabes qu\u00e9? \u00a1Dios no tiene absolutamente nada que responder a eso!. \u00c9l llora, gime, porque sabe muy bien lo que saldr\u00e1 de ese contrato con satan\u00e1s, y no en el m\u00e1s all\u00e1, \u00a1en esta vida, para empezar!. Pero \u00c9l s\u00f3lo puede esperar y esperar que cambies de opini\u00f3n, es todo lo que necesita. \u00bfPero estamos conscientes?<\/span><\/p>\n<p style=\"text-align: justify;\"><span style=\"font-size: 18px;\">Pero entonces dices: \u00a1No, yo no! nunca invit\u00e9 a satan\u00e1s, lo odio con todo el odio que puedo tener, y adem\u00e1s, siempre he sido cat\u00f3lico, me gusta mi fe, incluso me han ridiculizado por ello, lo tomo, no hay problema, y practico todas las cosas cat\u00f3licas que me han ense\u00f1ado a hacer desde la escuela primaria. Entonces, \u00bfinvitando a satan\u00e1s? Y la respuesta es: \"S\u00ed, tal vez no t\u00fa, \u00a1sino alguien de quien heredaste!\" \u00bfRecuerdas el sistema dise\u00f1ado para tu bien? Y dices: \"\u00a1No, mis padres tambi\u00e9n eran \/ son buenas personas!\" Y la respuesta es: \"S\u00ed, tal vez no ellos, pero aquellos de quienes heredaron ...\"! \"\u00bfVes el punto? Y puede ir tan lejos como pueda. No todas las familias experimentan estas cosas con la misma intensidad, pero siempre hay algo de eso en una familia que siempre es notable si sus ojos est\u00e1n lo suficientemente abiertos y son conscientes de que usted lo estar\u00e1 despu\u00e9s de leer esto.<\/span><\/p>\n<p style=\"text-align: justify;\"><span style=\"font-size: 18px;\">En el momento en que hemos establecido el hecho de que el sistema creado por Dios tiene la intenci\u00f3n de bendecirnos, pero que tambi\u00e9n nos lleva a las no bendiciones, ya no podemos decir cosas como: \"Oh, no me importa, ese fue el problema de mis abuelos, o de mis padres (o de cualquier persona con la que est\u00e9 relacionado), \u00a1no es mi problema!\" Ya sabes qu\u00e9 son los trucos de avestruz: enterrar su cabeza en la arena para no ver el problema, y \u00bfPor lo tanto pensar que no hay problema? \u00a1Ese es uno de ellos! Lo que tu familia tiene viene de alg\u00fan lugar antes que ellos, y t\u00fa tambi\u00e9n eres parte de eso, t\u00fa eres ellos, t\u00fa eres t\u00fa.<\/span><\/p>\n<p style=\"text-align: justify;\"><span style=\"font-size: 18px;\">And so satan came in with his destructive power because he was invited through agreements on ungodly things, his type of things, that were made with him to bring him in. And there can only be one solution: cancel the agreements! And you say: \u201cHoh, I didn\u2019t make any agreements with satan, I don\u2019t know what agreements were made and by whom of my family, so how can I cancel them?\u201d We may never know exactly what the agreements were, but we know and see their consequences. And the system will not end with you. Just like you inherited blessings and\/or non-blessings, you are also going to pass on those blessings and\/or non-blessings to your descendants. When those agreements were made, your ancestors didn\u2019t ask you, &#8211; you were not even there yet; you are not going to ask your far future descendants, &#8211; they are not even there yet. Our ancestors, or descendants, not being in sight did not, and does not, affect the inheritance. The inheritance is a spiritual thing not bound by time or space. It just goes on.<\/span><\/p>\n<p style=\"text-align: justify;\"><span style=\"font-size: 18px;\">Y as\u00ed, en cualquier momento dado, los que sostienen la llama de la familia son los que est\u00e1n all\u00ed. Y sus elecciones para satan\u00e1s o para Dios ser\u00e1n las heredadas despu\u00e9s de ellos. Y como ustedes son los que hoy est\u00e1n all\u00ed con su familia, est\u00e1n investidos con todo el poder de aquellos que los precedieron en su familia: la simple herencia. Y as\u00ed, con ese poder, puedes cancelar los acuerdos con satan\u00e1s del pasado en tu familia y establecer nuevos y buenos con Dios para el futuro. Es as\u00ed como el presidente de los Estados Unidos puede deshacer lo que hicieron los ex presidentes: \u00e9l es el que est\u00e1 all\u00ed hoy. No hay mejor manera de limpiar el legado de tu familia, \u00a1simplemente orando correctamente! \u00bfTe imaginas lo bueno y misericordioso que es Dios? Todo lo que Dios necesita es alguien de tu familia que tome leg\u00edtimamente la libertad que nos di\u00f3, porque \u00c9l mismo no puede tocarla, esa es nuestra soberan\u00eda, y darle la vuelta a Su favor, y luego \u00a1se enciende por nosotros! En ese momento, satan\u00e1s no tiene m\u00e1s derechos que pueda usar para bloquear a Dios. Y todo esto puede suceder porque Jesucristo vino a liberarnos del cautiverio (Lc, 4.)T\u00fa cancelas esos acuerdos con el maligno y asumes el poder de salvaci\u00f3n y limpieza de Jes\u00fas. Y mientras limpias tanto el pasado como el futuro, obtienes sanaci\u00f3n para el presente, porque has recuperado tu libertad y poder sobre el enemigo, le has renunciado libre y conscientemente y lo has mandado (tu libertad) hacia Dios. Y ahora, con esta renuncia \u00a1ver\u00e1s las compuertas de los poderes celestiales de Dios abiertas para inundar tu vida y la de tu familia!<\/span><\/p>\n<p style=\"text-align: justify;\"><span style=\"font-size: 18px;\">\u00bfTodos los miembros de la familia deben orar por esto, o al menos estar de acuerdo? No. \u00bfEstuviste cerca cuando esas personas, o algunas veces s\u00f3lo una persona, tomaron esas malas decisiones por las que todos pagaron despu\u00e9s? Por supuesto, cuantos m\u00e1s miembros de tu familia recen esta oraci\u00f3n, mejor, pero no es una condici\u00f3n. Es asombroso c\u00f3mo Dios puede tomar lo m\u00ednimo que podemos ofrecer para hacer grandes cosas por nosotros. \u00a1S\u00f3lo necesita una persona para hacerlo bien y ver\u00e1s lo que sale!. \u00a1S\u00f3lo necesita una excusa para bendecir a toda la familia!<\/span><\/p>\n<p style=\"text-align: justify;\"><span style=\"font-size: 18px;\">No voy a entrar aqu\u00ed en las incre\u00edbles sanaciones de familias enteras que he presenciado en los \u00faltimos diez a\u00f1os en los que he participado en estos seminarios de sanaci\u00f3n familiar. Espero que alg\u00fan d\u00eda salga un libro para ser exhaustivo acerca de este tipo de oraci\u00f3n, pero creo que, incluso sin esperar, podr\u00e1s escribir tu propio libro de las sanaciones de tu propia familia, del cual ser\u00e1s testigo mientras aplicas esta oraci\u00f3n a tu familia. Tambi\u00e9n en los seminarios normalmente proporcionamos a los participantes una oraci\u00f3n de seguimiento espec\u00edficamente preparada para continuar en casa. Esta misma oraci\u00f3n tambi\u00e9n funciona como \"oraci\u00f3n de emergencia\" para alguien que a\u00fan no puede asistir al seminario de sanaci\u00f3n.<\/span><\/p>","protected":false},"excerpt":{"rendered":"<p>PRAYER FOR HEALING YOUR FAMILY AND YOU by Fr. Yozefu &#8211; Balikuddembe Ssemakula Abstract: Strictly speaking, fate and luck may be non-existent. We can only&hellip;<\/p>","protected":false},"author":1,"featured_media":0,"parent":0,"menu_order":0,"comment_status":"closed","ping_status":"closed","template":"","meta":{"_monsterinsights_skip_tracking":false,"_monsterinsights_sitenote_active":false,"_monsterinsights_sitenote_note":"","_monsterinsights_sitenote_category":0,"footnotes":""},"class_list":["post-64","page","type-page","status-publish","hentry"],"_links":{"self":[{"href":"https:\/\/www.healingforfamilies.com\/es\/wp-json\/wp\/v2\/pages\/64","targetHints":{"allow":["GET"]}}],"collection":[{"href":"https:\/\/www.healingforfamilies.com\/es\/wp-json\/wp\/v2\/pages"}],"about":[{"href":"https:\/\/www.healingforfamilies.com\/es\/wp-json\/wp\/v2\/types\/page"}],"author":[{"embeddable":true,"href":"https:\/\/www.healingforfamilies.com\/es\/wp-json\/wp\/v2\/users\/1"}],"replies":[{"embeddable":true,"href":"https:\/\/www.healingforfamilies.com\/es\/wp-json\/wp\/v2\/comments?post=64"}],"version-history":[{"count":5,"href":"https:\/\/www.healingforfamilies.com\/es\/wp-json\/wp\/v2\/pages\/64\/revisions"}],"predecessor-version":[{"id":8279,"href":"https:\/\/www.healingforfamilies.com\/es\/wp-json\/wp\/v2\/pages\/64\/revisions\/8279"}],"wp:attachment":[{"href":"https:\/\/www.healingforfamilies.com\/es\/wp-json\/wp\/v2\/media?parent=64"}],"curies":[{"name":"wp","href":"https:\/\/api.w.org\/{rel}","templated":true}]}}