
{"id":8960,"date":"2021-10-31T09:36:13","date_gmt":"2021-10-31T15:36:13","guid":{"rendered":"https:\/\/www.healingforfamilies.com\/?page_id=8960"},"modified":"2021-11-02T22:49:53","modified_gmt":"2021-11-03T04:49:53","slug":"quick-one-rosary","status":"publish","type":"page","link":"https:\/\/www.healingforfamilies.com\/es\/quick-one-rosary\/","title":{"rendered":"EL ROSARIO DE \u201cLA RAPIDA\u201d"},"content":{"rendered":"<p align=\"center\" style=\"\"><strong><em>EL ROSARIO DE \u201cLA RAPIDA\u201d PARA SANAR MI FAMILIA<\/em><\/strong><\/p>\n<p>Oraci\u00f3n de Protecci\u00f3n primera \u2013 si no se dijo en la ma\u00f1ana \u2026.\n\nEl Credo \u2026..\nPadre Nuestro \u2026..\nAve Mar\u00eda x3 \u2026..\nGloria al Padre \u2026.<\/p>\n<p>Aqu\u00ed, diga algunas palabras de perd\u00f3n a todos los que le hirieron desde que naci\u00f3 usted hasta hoy, si no se dijeron hasta ahora \u2026<\/p>\n<p>Tambi\u00e9n: En el Nombre de Jes\u00fas, sep\u00e1rese en esp\u00edritu de toda persona con cual usted se puso de acuerdo, en cualquiera forma, en algo que no es de Dios \u2026, si no lo hab\u00eda hecho hasta ahora \u2026.<\/p>\n<p>Al Primero Misterio:<\/p>\n<p>Mencione algunas ataduras en su familia, no importa que no sean todas ahora, tendr\u00e1 4 otra ocasiones para mencionarlas \u2026.<\/p>\n<p>Padre Nuestro \u2026<\/p>\n<p>En lugar de las Aves:<\/p>\n<p>1. Padre Celestial, te pido perd\u00f3n de la parte de toda mi familia por los acuerdos que hicimos con satan\u00e1s en mi familia, por los cuales el nos trajo estas ataduras mencionadas.<\/p>\n<p>2. En el Nombre de Jesucristo, tu satan\u00e1s, yo cancelo todos los acuerdos que hicimos contigo en mi familia, pasada y presente,  con los cuales tu nos trajiste estas ataduras mencionadas; y te ordeno que vayas con ellas a los pies de la Cruz de Cristo y nunca mas regrese!<\/p>\n<p>3. Ven Esp\u00edritu Santo, llena este lugar donde estaba el maligno en mi familia.<\/p>\n<p>4. No. 1 otra vez<\/p>\n<p>5. No. 2 otra vez<\/p>\n<p>6. No. 3 otra vez<\/p>\n<p>7. No. 1 otra vez<\/p>\n<p>8. No. 2 otra vez<\/p>\n<p>9. No. 3 otra vez<\/p>\n<p>10. Se\u00f1or, gracias por sanar mi familia.<\/p>\n<p>Gloria al Padre \u2026<\/p>\n<p>Al Segundo Misterio:<\/p>\n<p>Mencione mas ataduras como le vienen en la mente.<\/p>\n<p>Then \u2026 Our Father \u2026.. 1.2.3.4.5.6.7.8.9.10&#8230;: as above.<\/p>\n<p>En lugar de las Aves:\n1. Padre Celestial, te pido perd\u00f3n de la parte de toda mi familia por los acuerdos que hicimos con satan\u00e1s en mi familia, por los cuales el nos trajo estas ataduras mencionadas.\n2. En el Nombre de Jesucristo, tu satan\u00e1s, yo cancelo todos los acuerdos que hicimos contigo en mi familia, pasada y presente,  con los cuales tu nos trajiste estas ataduras mencionadas; y te ordeno que vayas con ellas a los pies de la Cruz de Cristo y nunca mas regrese!\n3. Ven Esp\u00edritu Santo, llena este lugar donde estaba el maligno en mi familia.\n4. No. 1 otra vez\n5. No. 2 otra vez\n6. No. 3 otra vez\n7. No. 1 otra vez\n8. No. 2 otra vez\n9. No. 3 otra vez\n10. Se\u00f1or, gracias por sanar mi familia.\n\nGloria al Padre \u2026<\/p>\n<p>Al Tercero Misterio: Mencione mas ataduras como le vienen en la mente.<\/p>\n<p style=\"text-align: center;\"><strong>SUPLICA A LA GUADALUPANA POR MI FAMILIA Y MI PAIS\n(para uso privado)<\/strong><\/p>\n<p>Sant\u00edsima Virgen de Guadalupe, Tu que aplastas la cabeza de la serpiente (G\u00e9nesis 3:15), Tu la mujer del Apocalipsis 12. Tu que evangelizaste los pueblos ind\u00edgenas de M\u00e9xico, y les paraste del satanismo de los sacrificios humanos. Tu contra quien el drag\u00f3n de la violencia en mi familia y en mi pa\u00eds no puede nada.<\/p>\n<p>Hoy te elijo a Ti, a San Jos\u00e9, y a San Miguel el Arc\u00e1ngel como protectores de mi familia y de mi pa\u00eds.<\/p>\n<p>Prot\u00e9janlos contra la perdida de fe en Dios y en su Santa Iglesia.<\/p>\n<p>Prot\u00e9janlos contra sequ\u00edas, el hambre, terremotos, incendios, ciclones, huracanes, tormentas, inundaciones, y toda cat\u00e1strofe natural.<\/p>\n<p>Prot\u00e9janlos contra ladrones, la corrupci\u00f3n, extorsiones, c\u00e1rteles, drogas, secuestros, desapariciones, tr\u00e1fico humano, y todo crimen organizado.\n\nProt\u00e9janlos contra la violencia domestica, violaciones, violencia contra los vulnerables y toda violencia social.<\/p>\n<p>Prot\u00e9janlos contra la guerra, la violencia contra la consciencia, y la violencia de los poderes mundiales.<\/p>\n<p>Prot\u00e9janlos contra feminicidios y todo homicidio.<\/p>\n<p>Prot\u00e9janlos contra el aborto, el suicidio, la eutanasia, y toda nuestra actividad auto-destructiva.<\/p>\n<p>Prot\u00e9janlos contra accidentes, muertes repentinas, y muertes tr\u00e1gicas.<\/p>\n<p>Prot\u00e9janlos contra las plagas, los virus, el c\u00e1ncer, el SIDA, toda enfermedad f\u00edsica y spiritual, y ay\u00fadennos ser libres de toda atadura familiar.\n\nProt\u00e9janlos contra la ideolog\u00eda de g\u00e9nero, y contra todo mal.<\/p>\n<p>Unan el coraz\u00f3n del pueblo de mi familia y de mi pa\u00eds, contra la maldad en nuestra sociedad. Cons\u00edgannos de la majestad del Padre Celestial y de su Sant\u00edsimo Hijo, Nuestro Se\u00f1or y Salvador, Jesucristo, la paz en mi familia y en mi pa\u00eds.<\/p>\n<p>Y yo les prometo, con la gracia de Dios, servir al Reino de Dios en el mundo, y a su Santa Iglesia hasta la muerte!<\/p>\n<p>Amen!<\/p>\n<p><strong> <\/strong><\/p>\n<p align=\"center\" style=\"\"><strong>PROYECTO AL CIELO PARA QUE PROTEJA A MI FAMILIA.<\/strong><\/p>\n<p><strong><em>YO HAGO:<\/em><\/strong><\/p>\n<p>E<strong>Anualente:<\/strong><\/p>\n<p>\u00b7 Entronizar los Sagrados Corazones de Jes\u00fas y el Inmaculado Coraz\u00f3n de Mar\u00eda.<\/p>\n<p>\u00b7 Consagraci\u00f3n al Sagrado Coraz\u00f3n de Jes\u00fas.<\/p>\n<p>\u00b7 Consagraci\u00f3n a la Virgen de Guadalupe (el programa de San G. de Montfort es excelente), el 12 de Diciembre.<\/p>\n<p>Consagraci\u00f3n a San Jos\u00e9, (el programa del Padre David Calloway es excelente).<\/p>\n<p>. Consagraci\u00f3n a San Miguel Arc\u00e1ngel, (al menos preparando con una novena antes del 29 Septiembre).<\/p>\n<p>. Pick a saint whom you will befriend each year and know more about, out of Our Lady, St.Joseph, and St. Michael the Archangel.. Obtain the two Plenary Indulgences of the Portiuncula (2nd August), and of the Divine Mercy Sunday.&nbsp; And during the year obtain some partial and plenary indulgences for your beloved dead.<\/p>\n<p>-Tomar un Santo\/a que ser\u00e1 su amigo\/a durante el ano, que tomara tiempo para aprender de su historia y vida, fuera de la Virgen, San Jos\u00e9 y  San Miguel el Arc\u00e1ngel.<\/p>\n<p><strong>Mensualmente:<\/strong><\/p>\n<p>\u00b7 1er Lunes del mes - paraliturgia familiar; (no se puede hacer estas Paraliturgias para sanar su familia sin haber vivido el taller de Sanaci\u00f3n de las Familias, o le\u00eddo todo el libro de La Sanaci\u00f3n de Familias, del P.Yozefu, y seguido todo el proceso para lo mismo como sugerido en el libro).<\/p>\n<p>. 1er Mi\u00e9rcoles del mes \u2013 renovar la consagraci\u00f3n a San Jos\u00e9.<\/p>\n<p>\u00b7 1er Viernes del mes - renovar la consagraci\u00f3n al Sagrado Coraz\u00f3n de Jes\u00fas.<\/p>\n<p>\u00b7 1er S\u00e1bado del mes - renovar consagraci\u00f3n a la Virgen de Guadalupe, u otra; (y tomar 15 minutos de meditaci\u00f3n, - no rezar -,  sobre alg\u00fan misterio, \u2013 de los vente misterios - del Santo Rosario).<\/p>\n<p>. 1er Domingo del mes \u2013 renovar la consagraci\u00f3n a San Miguel Arc\u00e1ngel.<\/p>\n<p>\u00b7 2do Lunes del mes - paraliturgia por \u2026\u2026\u2026 (su pa\u00eds).<\/p>\n<p>\u00b7 3er Lunes del mes - paraliturgia familiar.<\/p>\n<p>\u00b7 4to Lunes del mes - paraliturgia por \u2026\u2026\u2026.. (su pa\u00eds).\n\u00b7 Confesi\u00f3n:<\/p>\n<p>\u00b7 2000 Ave Mar\u00edas.<\/p>\n<p>\u00b7 Sitio de Jeric\u00f3.<\/p>\n<p><strong>Semanalmente:<\/strong><\/p>\n<p>\u00b7 Una Hora Santa, o 1 hora de adoraci\u00f3n ante el Sant\u00edsimo.<\/p>\n<p>\u00b7 3 veces a la semana la coronilla de la Divina Misericordia.<\/p>\n<p>\u00b7 Ayuno de Medjugorje (mi\u00e9rcoles y viernes con pan y agua).<\/p>\n<p>. La letan\u00eda a San Jos\u00e9.<\/p>\n<p>\u00b7 Coronilla de San Miguel Arc\u00e1ngel + la oraci\u00f3n a San Miguel \u2013 la larga.<\/p>\n<p>. The long St Michael Prayer (only said in private, i.e. in the family or alone, but not in groups of families or people \u2013 see its guidelines in Quick One prayer booklet).<\/p>\n<p>. El rosario de La R\u00e1pida<\/p>\n<p>\u00b7 Un acto de caridad.<\/p>\n<p><strong>Diario:<\/strong><\/p>\n<p>\u00b7 La Santa Misa<\/p>\n<p>\u00b7 3 vers\u00edculos de la Palabra de Dios, (fuera de la Palabra de Dios de la Misa del d\u00eda).<\/p>\n<p>. Una oraci\u00f3n a San Jos\u00e9.\n\u00b7 Oraci\u00f3n a San Miguel Arc\u00e1ngel - la corta.<\/p>\n<p>\u00b7 El Santo Rosario.<\/p>\n<p>\u00b7 Una Oraci\u00f3n a la Preciosa Sangre de Cristo, de cualquiera fuente autorizada por la Iglesia, por la inseguridad.<\/p>\n<p>\u00b7 Unas R\u00e1pidas por mi familia, y por la inseguridad; (claro que eso llevara las dos oraciones de protecci\u00f3n antes y despu\u00e9s de la R\u00e1pida; una ma\u00f1ana, otra noche).<\/p>\n<p>\u00b7 S\u00faplica a la Guadalupana por mi familia y mi pa\u00eds.<\/p>\n<p>\u00b7 Oraci\u00f3n por la paz, de los Obispos de su pa\u00eds, (o si no tienen, cualquiera otra autorizada por la Iglesia).<\/p>\n<p>(A recordar que estos fueron propuestos como lo m\u00ednimo, no lo m\u00e1ximo, cual m\u00e1ximo siempre va seg\u00fan su propia fe y su disposici\u00f3n. Pero \u201cnuestro acuerdo con \u2026.\u201d esta con estos).<\/p>","protected":false},"excerpt":{"rendered":"<p>The \u201cQuick One\u201d Rosary for Healing my Family The creed \u2026 Our Father \u2026.. 3 Hail Marys \u2026 Glory be \u2026 Here, say words of&hellip;<\/p>","protected":false},"author":42,"featured_media":0,"parent":0,"menu_order":0,"comment_status":"closed","ping_status":"closed","template":"","meta":{"_monsterinsights_skip_tracking":false,"_monsterinsights_sitenote_active":false,"_monsterinsights_sitenote_note":"","_monsterinsights_sitenote_category":0,"footnotes":""},"class_list":["post-8960","page","type-page","status-publish","hentry"],"_links":{"self":[{"href":"https:\/\/www.healingforfamilies.com\/es\/wp-json\/wp\/v2\/pages\/8960","targetHints":{"allow":["GET"]}}],"collection":[{"href":"https:\/\/www.healingforfamilies.com\/es\/wp-json\/wp\/v2\/pages"}],"about":[{"href":"https:\/\/www.healingforfamilies.com\/es\/wp-json\/wp\/v2\/types\/page"}],"author":[{"embeddable":true,"href":"https:\/\/www.healingforfamilies.com\/es\/wp-json\/wp\/v2\/users\/42"}],"replies":[{"embeddable":true,"href":"https:\/\/www.healingforfamilies.com\/es\/wp-json\/wp\/v2\/comments?post=8960"}],"version-history":[{"count":5,"href":"https:\/\/www.healingforfamilies.com\/es\/wp-json\/wp\/v2\/pages\/8960\/revisions"}],"predecessor-version":[{"id":8970,"href":"https:\/\/www.healingforfamilies.com\/es\/wp-json\/wp\/v2\/pages\/8960\/revisions\/8970"}],"wp:attachment":[{"href":"https:\/\/www.healingforfamilies.com\/es\/wp-json\/wp\/v2\/media?parent=8960"}],"curies":[{"name":"wp","href":"https:\/\/api.w.org\/{rel}","templated":true}]}}