
{"id":9590,"date":"2024-09-09T16:30:35","date_gmt":"2024-09-09T21:30:35","guid":{"rendered":"https:\/\/www.healingforfamilies.com\/?page_id=9590"},"modified":"2024-09-12T17:49:54","modified_gmt":"2024-09-12T22:49:54","slug":"peticion-en-espanol","status":"publish","type":"page","link":"https:\/\/www.healingforfamilies.com\/es\/peticion-en-espanol\/","title":{"rendered":"Petici\u00f3n y Bendici\u00f3n Apost\u00f3lica"},"content":{"rendered":"<div style=\"height:40px\" aria-hidden=\"true\" class=\"wp-block-spacer\"><\/div><a href=\"\/?pdfemb-serveurl=https%3A%2F%2Fwww.healingforfamilies.com%2Fwp-content%2Fuploads%2Fsecurepdfs%2F2024%2F09%2FDOC-Bendicion-Apostolica-SPANISH.pdf\" class=\"pdfemb-viewer\" style=\"height: 700px; \" data-width=\"max\" data-height=\"700\" data-mobile-width=\"500\"  data-scrollbar=\"both\" data-download=\"off\" data-tracking=\"on\" data-newwindow=\"on\" data-pagetextbox=\"off\" data-scrolltotop=\"off\" data-startzoom=\"100\" data-startfpzoom=\"100\" data-download-nonce=\"29be9315b6\" data-disablerightclick=\"on\" data-toolbar=\"both\" data-toolbar-fixed=\"on\">DOC-Bendicion-Apostolica-SPANISH<br\/><\/a>\n<p class=\"wp-block-pdfemb-pdf-embedder-viewer\"><\/p>","protected":false},"excerpt":{"rendered":"","protected":false},"author":42,"featured_media":9592,"parent":0,"menu_order":0,"comment_status":"closed","ping_status":"closed","template":"","meta":{"_monsterinsights_skip_tracking":false,"_monsterinsights_sitenote_active":false,"_monsterinsights_sitenote_note":"","_monsterinsights_sitenote_category":0,"footnotes":""},"class_list":["post-9590","page","type-page","status-publish","has-post-thumbnail","hentry"],"_links":{"self":[{"href":"https:\/\/www.healingforfamilies.com\/es\/wp-json\/wp\/v2\/pages\/9590","targetHints":{"allow":["GET"]}}],"collection":[{"href":"https:\/\/www.healingforfamilies.com\/es\/wp-json\/wp\/v2\/pages"}],"about":[{"href":"https:\/\/www.healingforfamilies.com\/es\/wp-json\/wp\/v2\/types\/page"}],"author":[{"embeddable":true,"href":"https:\/\/www.healingforfamilies.com\/es\/wp-json\/wp\/v2\/users\/42"}],"replies":[{"embeddable":true,"href":"https:\/\/www.healingforfamilies.com\/es\/wp-json\/wp\/v2\/comments?post=9590"}],"version-history":[{"count":5,"href":"https:\/\/www.healingforfamilies.com\/es\/wp-json\/wp\/v2\/pages\/9590\/revisions"}],"predecessor-version":[{"id":9652,"href":"https:\/\/www.healingforfamilies.com\/es\/wp-json\/wp\/v2\/pages\/9590\/revisions\/9652"}],"wp:featuredmedia":[{"embeddable":true,"href":"https:\/\/www.healingforfamilies.com\/es\/wp-json\/wp\/v2\/media\/9592"}],"wp:attachment":[{"href":"https:\/\/www.healingforfamilies.com\/es\/wp-json\/wp\/v2\/media?parent=9590"}],"curies":[{"name":"wp","href":"https:\/\/api.w.org\/{rel}","templated":true}]}}