
{"id":9604,"date":"2024-09-09T16:29:52","date_gmt":"2024-09-09T21:29:52","guid":{"rendered":"https:\/\/www.healingforfamilies.com\/?page_id=9604"},"modified":"2024-09-09T20:14:13","modified_gmt":"2024-09-10T01:14:13","slug":"la-bendicion-apostolica-del-papa-a-este-ministerio","status":"publish","type":"page","link":"https:\/\/www.healingforfamilies.com\/es\/la-bendicion-apostolica-del-papa-a-este-ministerio\/","title":{"rendered":"LA BENDICI\u00d3N APOST\u00d3LICA DEL PAPA A ESTE MINISTERIO"},"content":{"rendered":"<a href=\"\/?pdfemb-serveurl=https%3A%2F%2Fwww.healingforfamilies.com%2Fwp-content%2Fuploads%2Fsecurepdfs%2F2024%2F09%2FBendicion-Apostolica-SPANISH.pdf\" class=\"pdfemb-viewer\" style=\"height: 700px; \" data-width=\"max\" data-height=\"700\" data-mobile-width=\"500\"  data-scrollbar=\"both\" data-download=\"off\" data-tracking=\"on\" data-newwindow=\"on\" data-pagetextbox=\"off\" data-scrolltotop=\"off\" data-startzoom=\"100\" data-startfpzoom=\"100\" data-download-nonce=\"63cdb7f0ea\" data-disablerightclick=\"on\" data-toolbar=\"both\" data-toolbar-fixed=\"on\">Bendicion Apostolica SPANISH<br\/><\/a><div style=\"height:40px\" aria-hidden=\"true\" class=\"wp-block-spacer\"><\/div><div class=\"wp-block-buttons is-content-justification-center is-layout-flex wp-container-core-buttons-is-layout-16018d1d wp-block-buttons-is-layout-flex\"><div class=\"wp-block-button\"><a class=\"wp-block-button__link has-white-color has-vivid-red-background-color has-text-color has-background has-link-color wp-element-button\" href=\"https:\/\/www.healingforfamilies.com\/es\/peticion-en-espanol\/\"><em>Regresar a<\/em> <strong>&#8220;Petici\u00f3n y Bendici\u00f3n Apost\u00f3lica&#8221;<\/strong><\/a><\/div><\/div>","protected":false},"excerpt":{"rendered":"","protected":false},"author":42,"featured_media":9592,"parent":0,"menu_order":0,"comment_status":"closed","ping_status":"closed","template":"","meta":{"_monsterinsights_skip_tracking":false,"_monsterinsights_sitenote_active":false,"_monsterinsights_sitenote_note":"","_monsterinsights_sitenote_category":0,"footnotes":""},"class_list":["post-9604","page","type-page","status-publish","has-post-thumbnail","hentry"],"_links":{"self":[{"href":"https:\/\/www.healingforfamilies.com\/es\/wp-json\/wp\/v2\/pages\/9604","targetHints":{"allow":["GET"]}}],"collection":[{"href":"https:\/\/www.healingforfamilies.com\/es\/wp-json\/wp\/v2\/pages"}],"about":[{"href":"https:\/\/www.healingforfamilies.com\/es\/wp-json\/wp\/v2\/types\/page"}],"author":[{"embeddable":true,"href":"https:\/\/www.healingforfamilies.com\/es\/wp-json\/wp\/v2\/users\/42"}],"replies":[{"embeddable":true,"href":"https:\/\/www.healingforfamilies.com\/es\/wp-json\/wp\/v2\/comments?post=9604"}],"version-history":[{"count":4,"href":"https:\/\/www.healingforfamilies.com\/es\/wp-json\/wp\/v2\/pages\/9604\/revisions"}],"predecessor-version":[{"id":9630,"href":"https:\/\/www.healingforfamilies.com\/es\/wp-json\/wp\/v2\/pages\/9604\/revisions\/9630"}],"wp:featuredmedia":[{"embeddable":true,"href":"https:\/\/www.healingforfamilies.com\/es\/wp-json\/wp\/v2\/media\/9592"}],"wp:attachment":[{"href":"https:\/\/www.healingforfamilies.com\/es\/wp-json\/wp\/v2\/media?parent=9604"}],"curies":[{"name":"wp","href":"https:\/\/api.w.org\/{rel}","templated":true}]}}